{"id":183,"date":"2019-01-05T13:15:24","date_gmt":"2019-01-05T12:15:24","guid":{"rendered":"http:\/\/ducotedenvins.be\/?page_id=183"},"modified":"2019-02-05T15:57:07","modified_gmt":"2019-02-05T14:57:07","slug":"edition-2019","status":"publish","type":"page","link":"https:\/\/ducotedenvins.be\/index.php\/programme-2024\/edition-2019\/","title":{"rendered":"Edition 2019"},"content":{"rendered":"\n<p><strong>Vendredi 8 mars<\/strong><\/p>\n<p>17:00 : Ouverture<br>18:30 : Inauguration officielle en pr\u00e9sence du comit\u00e9 et des parrains de l&rsquo;organisation<br>21:00 : Cl\u00f4ture<\/p>\n<p><strong>Samedi 9 mars<\/strong><\/p>\n<p>9:00 : D\u00e9part de la Balade Vigneronne organis\u00e9e par les Amis des Roitelets (fin : 12h00)<br>10:00 : Ouverture<br>10:15 : D\u00e9gustation et attribution des \u00ab\u00a0<a href=\"http:\/\/ducotedenvins.be\/index.php\/coups-de-coeurs\/\">Coups de C\u0153urs 2019<\/a>\u00a0\u00bb du comit\u00e9 (cat\u00e9gories : F\u00e9minin, Bulles, Blanc, Ros\u00e9, Rouge et Terroir)<br>12:30 : Proclamation des \u00ab\u00a0<a href=\"http:\/\/ducotedenvins.be\/index.php\/coups-de-coeurs\/\">Coups de C\u0153urs 2019<\/a>\u00a0\u00bb <br>Vins comment\u00e9s par les vignerons<br>15:30 : Sabrage de bouteilles de vin effervescent, d\u00e9monstration, initiation et d\u00e9gustation avec Pascal Delfosse<br>21:00 : Cl\u00f4ture<\/p>\n<p><strong>Dimanche 10 mars<br><\/strong><\/p>\n<p>10:00 : Ouverture<br>11:30 : D\u00e9gustation ap\u00e9ritive. Tout public. \u00ab\u00a0Le pigeon des Collines\u00a0\u00bb<br>Accord produits du terroir et vins, atelier culinaire avec Pascal Delfosse<br>12:00 : D\u00e9gustation VIP, sur invitation. D\u00e9gustation des \u00ab\u00a0<a href=\"http:\/\/ducotedenvins.be\/index.php\/coups-de-coeurs\/\">Coups de C\u0153urs 2019<\/a>\u00a0\u00bb comment\u00e9e par les vignerons<br>15:30 : D\u00e9gustation th\u00e9matique comment\u00e9e sur inscription (groupe de 15 personnes). A la d\u00e9couverte des Vins frasnois et des vins belges par Thierry Martin et Maxime B\u00e9arez (pour les vins de Frasnes)<br>Inscription obligatoire par mail : <a href=\"mailto:ducotedenvin@gmail.com\">ducotedenvin@gmail.com<\/a><br>19:00 : Cl\u00f4ture<br>Tous les jours : Animations et petite restauration<\/p>\n\n\n\n<p><a href=\"http:\/\/ducotedenvins.be\/wp-content\/uploads\/2019\/01\/invitation-anvaing-R\u00b0-d\u00e9finitif-2019.pdf\"><img loading=\"lazy\" decoding=\"async\" class=\"size-full wp-image-1391 aligncenter\" src=\"http:\/\/ducotedenvins.be\/wp-content\/uploads\/2019\/01\/WEB-INVIT.png\" alt=\"\" width=\"900\" height=\"429\" srcset=\"https:\/\/ducotedenvins.be\/wp-content\/uploads\/2019\/01\/WEB-INVIT.png 900w, https:\/\/ducotedenvins.be\/wp-content\/uploads\/2019\/01\/WEB-INVIT-300x143.png 300w, https:\/\/ducotedenvins.be\/wp-content\/uploads\/2019\/01\/WEB-INVIT-768x366.png 768w\" sizes=\"auto, (max-width: 900px) 100vw, 900px\" \/><\/a><\/p>\n<p style=\"text-align: center;\"><a href=\"http:\/\/ducotedenvins.be\/wp-content\/uploads\/2019\/01\/INVIT-RECTO.pdf\">T\u00e9l\u00e9charger ici<\/a><\/p>\n<p><img loading=\"lazy\" decoding=\"async\" class=\"size-full wp-image-197 aligncenter\" src=\"http:\/\/ducotedenvins.be\/wp-content\/uploads\/2019\/01\/INVIT-VERSO.jpg\" alt=\"\" width=\"750\" height=\"357\" srcset=\"https:\/\/ducotedenvins.be\/wp-content\/uploads\/2019\/01\/INVIT-VERSO.jpg 750w, https:\/\/ducotedenvins.be\/wp-content\/uploads\/2019\/01\/INVIT-VERSO-300x143.jpg 300w\" sizes=\"auto, (max-width: 750px) 100vw, 750px\" \/><\/p>\n<p style=\"text-align: center;\"><a href=\"http:\/\/ducotedenvins.be\/wp-content\/uploads\/2018\/12\/invitation-anvaing-V\u00b0-sponsors-magnum-d\u00e9f-2019.pdf\">T\u00e9l\u00e9charger ici<\/a><\/p>\n<p style=\"text-align: center;\"><a href=\"http:\/\/ducotedenvins.be\/wp-content\/uploads\/2019\/01\/Randonn\u00e9e-vigneronne-R\u00b02019.pdf\"><img loading=\"lazy\" decoding=\"async\" class=\"aligncenter wp-image-198\" src=\"http:\/\/ducotedenvins.be\/wp-content\/uploads\/2019\/01\/INVIT-BV.jpg\" alt=\"\" width=\"700\" height=\"333\" srcset=\"https:\/\/ducotedenvins.be\/wp-content\/uploads\/2019\/01\/INVIT-BV.jpg 750w, https:\/\/ducotedenvins.be\/wp-content\/uploads\/2019\/01\/INVIT-BV-300x143.jpg 300w\" sizes=\"auto, (max-width: 700px) 100vw, 700px\" \/><\/a><a href=\"http:\/\/ducotedenvins.be\/wp-content\/uploads\/2019\/01\/RAND-RECTO.pdf\">T\u00e9l\u00e9charger ici<\/a><\/p>\n\n\n\n<p><strong>Nos partenaires :<\/strong><\/p>\n<p><img loading=\"lazy\" decoding=\"async\" class=\"alignnone size-full wp-image-209\" src=\"http:\/\/ducotedenvins.be\/wp-content\/uploads\/2019\/01\/IMG-PARTENAIRES.png\" alt=\"\" width=\"1925\" height=\"1224\" srcset=\"https:\/\/ducotedenvins.be\/wp-content\/uploads\/2019\/01\/IMG-PARTENAIRES.png 1925w, https:\/\/ducotedenvins.be\/wp-content\/uploads\/2019\/01\/IMG-PARTENAIRES-300x191.png 300w, https:\/\/ducotedenvins.be\/wp-content\/uploads\/2019\/01\/IMG-PARTENAIRES-768x488.png 768w, https:\/\/ducotedenvins.be\/wp-content\/uploads\/2019\/01\/IMG-PARTENAIRES-1024x651.png 1024w\" sizes=\"auto, (max-width: 1925px) 100vw, 1925px\" \/><\/p>\n","protected":false},"excerpt":{"rendered":"","protected":false},"author":1,"featured_media":0,"parent":11,"menu_order":0,"comment_status":"closed","ping_status":"closed","template":"","meta":{"ngg_post_thumbnail":0,"footnotes":""},"class_list":["post-183","page","type-page","status-publish","hentry"],"_links":{"self":[{"href":"https:\/\/ducotedenvins.be\/index.php\/wp-json\/wp\/v2\/pages\/183","targetHints":{"allow":["GET"]}}],"collection":[{"href":"https:\/\/ducotedenvins.be\/index.php\/wp-json\/wp\/v2\/pages"}],"about":[{"href":"https:\/\/ducotedenvins.be\/index.php\/wp-json\/wp\/v2\/types\/page"}],"author":[{"embeddable":true,"href":"https:\/\/ducotedenvins.be\/index.php\/wp-json\/wp\/v2\/users\/1"}],"replies":[{"embeddable":true,"href":"https:\/\/ducotedenvins.be\/index.php\/wp-json\/wp\/v2\/comments?post=183"}],"version-history":[{"count":12,"href":"https:\/\/ducotedenvins.be\/index.php\/wp-json\/wp\/v2\/pages\/183\/revisions"}],"predecessor-version":[{"id":1527,"href":"https:\/\/ducotedenvins.be\/index.php\/wp-json\/wp\/v2\/pages\/183\/revisions\/1527"}],"up":[{"embeddable":true,"href":"https:\/\/ducotedenvins.be\/index.php\/wp-json\/wp\/v2\/pages\/11"}],"wp:attachment":[{"href":"https:\/\/ducotedenvins.be\/index.php\/wp-json\/wp\/v2\/media?parent=183"}],"curies":[{"name":"wp","href":"https:\/\/api.w.org\/{rel}","templated":true}]}}